{"id":4422,"date":"2021-07-31T14:37:47","date_gmt":"2021-07-31T14:37:47","guid":{"rendered":"https:\/\/www.pmtraining.pro\/politica-de-privacidad\/"},"modified":"2025-10-23T11:28:49","modified_gmt":"2025-10-23T11:28:49","slug":"politica-de-privacidad","status":"publish","type":"page","link":"https:\/\/www.pmtraining.pro\/es\/politica-de-privacidad\/","title":{"rendered":"Pol\u00edtica de privacidad"},"content":{"rendered":"<h2 class=\"wp-block-heading\">Qui\u00e9nes somos<\/h2>\n<p>PMTraining.Pro es un curso de aprendizaje electr\u00f3nico en l\u00ednea desarrollado por:<\/p>\n<ul class=\"wp-block-list\">\n<li>Association of Translation Companies. Registrada en Inglaterra y Gales, (responsable del tratamiento)<\/li>\n<li>Asociaci\u00f3n Europea de la Industria Ling\u00fc\u00edstica, Bruselas, B\u00e9lgica. (responsable del tratamiento)<\/li>\n<\/ul>\n<p>El mantenimiento, la administraci\u00f3n y la pasarela de pago est\u00e1 a cargo de:<\/p>\n<ul class=\"wp-block-list\">\n<li>Associate Enterprises Limited. Registrada en Inglaterra. (encargado del tratamiento)<\/li>\n<\/ul>\n<p>Cont\u00e1ctanos a trav\u00e9s de support[at]pmtraining.pro.<\/p>\n<h2 class=\"wp-block-heading\">Comentarios<\/h2>\n<p>Cuando los visitantes dejan comentarios en el sitio, recopilamos los datos que se muestran en el formulario de comentarios, as\u00ed como la direcci\u00f3n IP del visitante y la cadena del agente de usuario del navegador para ayudar a la detecci\u00f3n de \u00abspam\u00bb.<\/p>\n<p>Es posible que se facilite al servicio Gravatar una cadena an\u00f3nima creada a partir de tu direcci\u00f3n de correo electr\u00f3nico (tambi\u00e9n llamada \u00abhash\u00bb) para ver si la est\u00e1s utilizando. La pol\u00edtica de privacidad del servicio Gravatar est\u00e1 disponible aqu\u00ed: https:\/\/automattic.com\/privacy\/. Una vez aprobado tu comentario, tu foto de perfil ser\u00e1 visible para el p\u00fablico en el contexto de tu comentario.<\/p>\n<h2 class=\"wp-block-heading\">Medios de comunicaci\u00f3n<\/h2>\n<p>Si subes im\u00e1genes al sitio web, debes evitar subir im\u00e1genes con datos de ubicaci\u00f3n integrados (EXIF GPS) incluidos. Los visitantes del sitio web pueden descargar y extraer cualquier dato de ubicaci\u00f3n de las im\u00e1genes del sitio web.<\/p>\n<h2 class=\"wp-block-heading\">Cookies<\/h2>\n<p>Si dejas un comentario en nuestro sitio, puedes optar por guardar tu nombre, direcci\u00f3n de correo electr\u00f3nico y sitio web en cookies. Esto es para mayor comodidad, para que no tengas que volver a completar tus datos cuando dejes otro comentario. Estas cookies tendr\u00e1n una duraci\u00f3n de un a\u00f1o.<\/p>\n<p>Si visitas nuestra p\u00e1gina de inicio de sesi\u00f3n, estableceremos una cookie temporal para determinar si tu navegador acepta cookies. Esta cookie no contiene datos personales y se descarta cuando cierras el navegador.<\/p>\n<p>Cuando inicies sesi\u00f3n, tambi\u00e9n configuraremos varias cookies para guardar tu informaci\u00f3n de inicio de sesi\u00f3n y tus opciones de visualizaci\u00f3n de pantalla. Las cookies de inicio de sesi\u00f3n duran dos d\u00edas y las cookies de opciones de pantalla duran un a\u00f1o. Si seleccionas \u00abRecordarme\u00bb, tu inicio de sesi\u00f3n se mantendr\u00e1 durante dos semanas. Si cierras la sesi\u00f3n de tu cuenta, se eliminar\u00e1n las cookies de inicio de sesi\u00f3n.<\/p>\n<p>Si editas o publicas un art\u00edculo, se guardar\u00e1 una cookie adicional en tu navegador. Esta cookie no incluye datos personales y simplemente indica el ID de la publicaci\u00f3n del art\u00edculo que acabas de editar. Caduca despu\u00e9s de 1 d\u00eda.<\/p>\n<h2 class=\"wp-block-heading\">Contenido incorporado de otros sitios web<\/h2>\n<p>Los art\u00edculos de este sitio pueden incluir contenido incrustado (por ejemplo, v\u00eddeos, im\u00e1genes, art\u00edculos, etc.). El contenido incorporado de otros sitios web se comporta de la misma manera que si el visitante hubiera visitado el otro sitio web.<\/p>\n<p>Estos sitios web pueden recopilar datos sobre ti, usar cookies, incorporar seguimiento adicional de terceros y controlar tu interacci\u00f3n con ese contenido incorporado, incluido el seguimiento de tu interacci\u00f3n con el contenido incorporado si tienes una cuenta y has iniciado sesi\u00f3n en ese sitio web.<\/p>\n<h2 class=\"wp-block-heading\">Datos que recopilamos y c\u00f3mo los usamos<\/h2>\n<p>Recopilamos datos para cobrar el pago de nuestro curso en l\u00ednea, configurar una cuenta de usuario en nuestra plataforma, emitir certificados de finalizaci\u00f3n del curso y mantenerte informado sobre la informaci\u00f3n relevante relacionada con tu compra. <\/p>\n<p>Si vas a comprar un curso o una certificaci\u00f3n para otra persona, debes tener el permiso de dicha persona para darnos estos datos. Al enviar los datos de un tercero, daremos por hecho que cuentas con su permiso para hacerlo.  <\/p>\n<p>Paypal gestiona la informaci\u00f3n de pago de forma segura.<\/p>\n<p>Tambi\u00e9n podemos recopilar datos anal\u00edticos an\u00f3nimos para medir el rendimiento de nuestro sitio web.<\/p>\n<h2 class=\"wp-block-heading\">Con qui\u00e9n compartimos tus datos<\/h2>\n<p>No compartimos tu informaci\u00f3n con terceros sin tu consentimiento.<\/p>\n<p>Si solicitas un restablecimiento de contrase\u00f1a, tu direcci\u00f3n IP se incluir\u00e1 en el correo electr\u00f3nico de restablecimiento.<\/p>\n<h2 class=\"wp-block-heading\">Cu\u00e1nto tiempo conservamos tus datos<\/h2>\n<p>Conservaremos tus datos mientras mantengas una cuenta de usuario en nuestra plataforma, o hasta un m\u00e1ximo de 3 a\u00f1os, lo que ocurra primero.  Puedes solicitar que se elimine tu cuenta de usuario y cualquier dato asociado en cualquier momento.<\/p>\n<p>Conservaremos la informaci\u00f3n a los efectos de la contabilidad financiera y la verificaci\u00f3n de los certificados que hayamos expedido.<\/p>\n<p>Si dejas un comentario, el comentario y sus metadatos se conservan de forma indefinida. Esto es para que podamos reconocer y aprobar cualquier comentario de seguimiento de forma autom\u00e1tica en lugar de mantenerlo en una cola de moderaci\u00f3n.<\/p>\n<p>Para los usuarios que se registran en nuestro sitio web (si los hay), tambi\u00e9n almacenamos la informaci\u00f3n personal que proporcionan en su perfil de usuario. Todos los usuarios pueden ver, editar o eliminar su informaci\u00f3n personal en cualquier momento, excepto el nombre de usuario. Los administradores del sitio web tambi\u00e9n pueden ver y editar esa informaci\u00f3n.<\/p>\n<h2 class=\"wp-block-heading\">Qu\u00e9 derechos tienes sobre tus datos<\/h2>\n<p>Si tienes una cuenta en este sitio o has dejado comentarios, puedes solicitar recibir un archivo exportado de los datos personales que tenemos sobre ti, incluidos los datos que nos hayas proporcionado. Tambi\u00e9n puedes solicitar que borremos cualquier dato personal que tengamos sobre ti. Esto no incluye ning\u00fan dato que estemos obligados a conservar por motivos administrativos, legales o de seguridad.<\/p>\n<h2 class=\"wp-block-heading\">A d\u00f3nde enviamos tus datos<\/h2>\n<p>Los comentarios de los visitantes pueden verificarse a trav\u00e9s de un servicio automatizado de detecci\u00f3n de spam.<\/p>\n","protected":false},"excerpt":{"rendered":"<p>Qui\u00e9nes somos PMTraining.Pro es un curso de aprendizaje electr\u00f3nico en l\u00ednea desarrollado por: Association of Translation Companies. Registrada en Inglaterra y Gales, (responsable del tratamiento) Asociaci\u00f3n Europea de la Industria Ling\u00fc\u00edstica, Bruselas, B\u00e9lgica. (responsable del tratamiento) El mantenimiento, la administraci\u00f3n y la pasarela de pago est\u00e1 a cargo de: Associate Enterprises Limited. Registrada en Inglaterra. [&hellip;]<\/p>\n","protected":false},"author":1,"featured_media":0,"parent":0,"menu_order":0,"comment_status":"closed","ping_status":"closed","template":"","meta":{"footnotes":""},"class_list":["post-4422","page","type-page","status-publish","hentry","user-has-not-earned"],"blocksy_meta":{"styles_descriptor":{"styles":{"desktop":"","tablet":"","mobile":""},"google_fonts":[],"version":6}},"featured_image_urls_v2":{"full":"","thumbnail":"","medium":"","medium_large":"","large":"","1536x1536":"","2048x2048":"","depicter-thumbnail":"","boswp-badgeos-achievement":""},"post_excerpt_stackable_v2":"<p>Qui\u00e9nes somos PMTraining.Pro es un curso de aprendizaje electr\u00f3nico en l\u00ednea desarrollado por: Association of Translation Companies. Registrada en Inglaterra y Gales, (responsable del tratamiento) Asociaci\u00f3n Europea de la Industria Ling\u00fc\u00edstica, Bruselas, B\u00e9lgica. (responsable del tratamiento) El mantenimiento, la administraci\u00f3n y la pasarela de pago est\u00e1 a cargo de: Associate Enterprises Limited. Registrada en Inglaterra. (encargado del tratamiento) Cont\u00e1ctanos a trav\u00e9s de support[at]pmtraining.pro. Comentarios Cuando los visitantes dejan comentarios en el sitio, recopilamos los datos que se muestran en el formulario de comentarios, as\u00ed como la direcci\u00f3n IP del visitante y la cadena del agente de usuario del navegador para&hellip;<\/p>\n","category_list_v2":"","author_info_v2":{"name":"admin","url":"https:\/\/www.pmtraining.pro\/es\/author\/robertclements_3mehczwv\/"},"comments_num_v2":"0 comentarios","yoast_head":"<!-- This site is optimized with the Yoast SEO plugin v27.5 - https:\/\/yoast.com\/product\/yoast-seo-wordpress\/ -->\n<title>Pol\u00edtica de privacidad - PMTraining.Pro<\/title>\n<meta name=\"robots\" content=\"index, follow, max-snippet:-1, max-image-preview:large, max-video-preview:-1\" \/>\n<link rel=\"canonical\" href=\"https:\/\/www.pmtraining.pro\/es\/politica-de-privacidad\/\" \/>\n<meta property=\"og:locale\" content=\"es_ES\" \/>\n<meta property=\"og:type\" content=\"article\" \/>\n<meta property=\"og:title\" content=\"Pol\u00edtica de privacidad - PMTraining.Pro\" \/>\n<meta property=\"og:description\" content=\"Qui\u00e9nes somos PMTraining.Pro es un curso de aprendizaje electr\u00f3nico en l\u00ednea desarrollado por: Association of Translation Companies. Registrada en Inglaterra y Gales, (responsable del tratamiento) Asociaci\u00f3n Europea de la Industria Ling\u00fc\u00edstica, Bruselas, B\u00e9lgica. (responsable del tratamiento) El mantenimiento, la administraci\u00f3n y la pasarela de pago est\u00e1 a cargo de: Associate Enterprises Limited. Registrada en Inglaterra. [&hellip;]\" \/>\n<meta property=\"og:url\" content=\"https:\/\/www.pmtraining.pro\/es\/politica-de-privacidad\/\" \/>\n<meta property=\"og:site_name\" content=\"PMTraining.Pro\" \/>\n<meta property=\"article:modified_time\" content=\"2025-10-23T11:28:49+00:00\" \/>\n<meta name=\"twitter:card\" content=\"summary_large_image\" \/>\n<meta name=\"twitter:label1\" content=\"Tiempo de lectura\" \/>\n\t<meta name=\"twitter:data1\" content=\"5 minutos\" \/>\n<script type=\"application\/ld+json\" class=\"yoast-schema-graph\">{\"@context\":\"https:\\\/\\\/schema.org\",\"@graph\":[{\"@type\":\"WebPage\",\"@id\":\"https:\\\/\\\/www.pmtraining.pro\\\/es\\\/politica-de-privacidad\\\/\",\"url\":\"https:\\\/\\\/www.pmtraining.pro\\\/es\\\/politica-de-privacidad\\\/\",\"name\":\"Pol\u00edtica de privacidad - PMTraining.Pro\",\"isPartOf\":{\"@id\":\"https:\\\/\\\/www.pmtraining.pro\\\/es\\\/#website\"},\"datePublished\":\"2021-07-31T14:37:47+00:00\",\"dateModified\":\"2025-10-23T11:28:49+00:00\",\"breadcrumb\":{\"@id\":\"https:\\\/\\\/www.pmtraining.pro\\\/es\\\/politica-de-privacidad\\\/#breadcrumb\"},\"inLanguage\":\"es\",\"potentialAction\":[{\"@type\":\"ReadAction\",\"target\":[\"https:\\\/\\\/www.pmtraining.pro\\\/es\\\/politica-de-privacidad\\\/\"]}]},{\"@type\":\"BreadcrumbList\",\"@id\":\"https:\\\/\\\/www.pmtraining.pro\\\/es\\\/politica-de-privacidad\\\/#breadcrumb\",\"itemListElement\":[{\"@type\":\"ListItem\",\"position\":1,\"name\":\"Home\",\"item\":\"https:\\\/\\\/www.pmtraining.pro\\\/es\\\/inicio\\\/\"},{\"@type\":\"ListItem\",\"position\":2,\"name\":\"Pol\u00edtica de privacidad\"}]},{\"@type\":\"WebSite\",\"@id\":\"https:\\\/\\\/www.pmtraining.pro\\\/es\\\/#website\",\"url\":\"https:\\\/\\\/www.pmtraining.pro\\\/es\\\/\",\"name\":\"PMTraining.Pro\",\"description\":\"Project Management in the Language Industry\",\"publisher\":{\"@id\":\"https:\\\/\\\/www.pmtraining.pro\\\/es\\\/#organization\"},\"potentialAction\":[{\"@type\":\"SearchAction\",\"target\":{\"@type\":\"EntryPoint\",\"urlTemplate\":\"https:\\\/\\\/www.pmtraining.pro\\\/es\\\/?s={search_term_string}\"},\"query-input\":{\"@type\":\"PropertyValueSpecification\",\"valueRequired\":true,\"valueName\":\"search_term_string\"}}],\"inLanguage\":\"es\"},{\"@type\":\"Organization\",\"@id\":\"https:\\\/\\\/www.pmtraining.pro\\\/es\\\/#organization\",\"name\":\"PMTraining.Pro\",\"url\":\"https:\\\/\\\/www.pmtraining.pro\\\/es\\\/\",\"logo\":{\"@type\":\"ImageObject\",\"inLanguage\":\"es\",\"@id\":\"https:\\\/\\\/www.pmtraining.pro\\\/es\\\/#\\\/schema\\\/logo\\\/image\\\/\",\"url\":\"https:\\\/\\\/www.pmtraining.pro\\\/wp-content\\\/uploads\\\/2021\\\/11\\\/PM-Training-Certification.png\",\"contentUrl\":\"https:\\\/\\\/www.pmtraining.pro\\\/wp-content\\\/uploads\\\/2021\\\/11\\\/PM-Training-Certification.png\",\"width\":1000,\"height\":218,\"caption\":\"PMTraining.Pro\"},\"image\":{\"@id\":\"https:\\\/\\\/www.pmtraining.pro\\\/es\\\/#\\\/schema\\\/logo\\\/image\\\/\"}}]}<\/script>\n<!-- \/ Yoast SEO plugin. -->","yoast_head_json":{"title":"Pol\u00edtica de privacidad - PMTraining.Pro","robots":{"index":"index","follow":"follow","max-snippet":"max-snippet:-1","max-image-preview":"max-image-preview:large","max-video-preview":"max-video-preview:-1"},"canonical":"https:\/\/www.pmtraining.pro\/es\/politica-de-privacidad\/","og_locale":"es_ES","og_type":"article","og_title":"Pol\u00edtica de privacidad - PMTraining.Pro","og_description":"Qui\u00e9nes somos PMTraining.Pro es un curso de aprendizaje electr\u00f3nico en l\u00ednea desarrollado por: Association of Translation Companies. Registrada en Inglaterra y Gales, (responsable del tratamiento) Asociaci\u00f3n Europea de la Industria Ling\u00fc\u00edstica, Bruselas, B\u00e9lgica. (responsable del tratamiento) El mantenimiento, la administraci\u00f3n y la pasarela de pago est\u00e1 a cargo de: Associate Enterprises Limited. Registrada en Inglaterra. [&hellip;]","og_url":"https:\/\/www.pmtraining.pro\/es\/politica-de-privacidad\/","og_site_name":"PMTraining.Pro","article_modified_time":"2025-10-23T11:28:49+00:00","twitter_card":"summary_large_image","twitter_misc":{"Tiempo de lectura":"5 minutos"},"schema":{"@context":"https:\/\/schema.org","@graph":[{"@type":"WebPage","@id":"https:\/\/www.pmtraining.pro\/es\/politica-de-privacidad\/","url":"https:\/\/www.pmtraining.pro\/es\/politica-de-privacidad\/","name":"Pol\u00edtica de privacidad - PMTraining.Pro","isPartOf":{"@id":"https:\/\/www.pmtraining.pro\/es\/#website"},"datePublished":"2021-07-31T14:37:47+00:00","dateModified":"2025-10-23T11:28:49+00:00","breadcrumb":{"@id":"https:\/\/www.pmtraining.pro\/es\/politica-de-privacidad\/#breadcrumb"},"inLanguage":"es","potentialAction":[{"@type":"ReadAction","target":["https:\/\/www.pmtraining.pro\/es\/politica-de-privacidad\/"]}]},{"@type":"BreadcrumbList","@id":"https:\/\/www.pmtraining.pro\/es\/politica-de-privacidad\/#breadcrumb","itemListElement":[{"@type":"ListItem","position":1,"name":"Home","item":"https:\/\/www.pmtraining.pro\/es\/inicio\/"},{"@type":"ListItem","position":2,"name":"Pol\u00edtica de privacidad"}]},{"@type":"WebSite","@id":"https:\/\/www.pmtraining.pro\/es\/#website","url":"https:\/\/www.pmtraining.pro\/es\/","name":"PMTraining.Pro","description":"Project Management in the Language Industry","publisher":{"@id":"https:\/\/www.pmtraining.pro\/es\/#organization"},"potentialAction":[{"@type":"SearchAction","target":{"@type":"EntryPoint","urlTemplate":"https:\/\/www.pmtraining.pro\/es\/?s={search_term_string}"},"query-input":{"@type":"PropertyValueSpecification","valueRequired":true,"valueName":"search_term_string"}}],"inLanguage":"es"},{"@type":"Organization","@id":"https:\/\/www.pmtraining.pro\/es\/#organization","name":"PMTraining.Pro","url":"https:\/\/www.pmtraining.pro\/es\/","logo":{"@type":"ImageObject","inLanguage":"es","@id":"https:\/\/www.pmtraining.pro\/es\/#\/schema\/logo\/image\/","url":"https:\/\/www.pmtraining.pro\/wp-content\/uploads\/2021\/11\/PM-Training-Certification.png","contentUrl":"https:\/\/www.pmtraining.pro\/wp-content\/uploads\/2021\/11\/PM-Training-Certification.png","width":1000,"height":218,"caption":"PMTraining.Pro"},"image":{"@id":"https:\/\/www.pmtraining.pro\/es\/#\/schema\/logo\/image\/"}}]}},"_links":{"self":[{"href":"https:\/\/www.pmtraining.pro\/es\/wp-json\/wp\/v2\/pages\/4422","targetHints":{"allow":["GET"]}}],"collection":[{"href":"https:\/\/www.pmtraining.pro\/es\/wp-json\/wp\/v2\/pages"}],"about":[{"href":"https:\/\/www.pmtraining.pro\/es\/wp-json\/wp\/v2\/types\/page"}],"author":[{"embeddable":true,"href":"https:\/\/www.pmtraining.pro\/es\/wp-json\/wp\/v2\/users\/1"}],"replies":[{"embeddable":true,"href":"https:\/\/www.pmtraining.pro\/es\/wp-json\/wp\/v2\/comments?post=4422"}],"version-history":[{"count":1,"href":"https:\/\/www.pmtraining.pro\/es\/wp-json\/wp\/v2\/pages\/4422\/revisions"}],"predecessor-version":[{"id":4423,"href":"https:\/\/www.pmtraining.pro\/es\/wp-json\/wp\/v2\/pages\/4422\/revisions\/4423"}],"wp:attachment":[{"href":"https:\/\/www.pmtraining.pro\/es\/wp-json\/wp\/v2\/media?parent=4422"}],"curies":[{"name":"wp","href":"https:\/\/api.w.org\/{rel}","templated":true}]}}