{"id":4214,"date":"2021-08-31T16:01:14","date_gmt":"2021-08-31T16:01:14","guid":{"rendered":"https:\/\/www.pmtraining.pro\/contacta-con-nosotros\/"},"modified":"2025-07-02T10:11:11","modified_gmt":"2025-07-02T10:11:11","slug":"contacta-con-nosotros","status":"publish","type":"page","link":"https:\/\/www.pmtraining.pro\/es\/contacta-con-nosotros\/","title":{"rendered":"Contacta con nosotros"},"content":{"rendered":"<div class=\"alignwide wp-block-ugb-feature-grid ugb-feature-grid ugb-44bdd78 ugb-feature-grid--v2 ugb-feature-grid--columns-2 ugb-feature-grid--design-basic ugb-main-block\">\n<style>.ugb-44bdd78 .ugb-feature-grid__item{border-radius:0px !important}.ugb-44bdd78 .ugb-img,.ugb-44bdd78 .ugb-feature-grid__image{margin-left:0 !important;margin-right:auto !important}.ugb-44bdd78 .ugb-feature-grid__description{text-align:left}.ugb-44bdd78 .ugb-inner-block{text-align:left}@media screen and (min-width:768px){.ugb-44bdd78.ugb-feature-grid{padding-top:5% !important;padding-bottom:5% !important}}<\/style>\n<div class=\"ugb-inner-block\">\n<div class=\"ugb-block-content\">\n<div class=\"ugb-feature-grid__item ugb-feature-grid__item1 ugb--shadow-5\">\n<div class=\"ugb-feature-grid__content\">\n<p class=\"ugb-feature-grid__description\">\n<div class=\"wpcf7 no-js\" id=\"wpcf7-f4424-o1\" lang=\"es-ES\" dir=\"ltr\" data-wpcf7-id=\"4424\">\n<div class=\"screen-reader-response\"><p role=\"status\" aria-live=\"polite\" aria-atomic=\"true\"><\/p> <ul><\/ul><\/div>\n<form action=\"\/es\/wp-json\/wp\/v2\/pages\/4214#wpcf7-f4424-o1\" method=\"post\" class=\"wpcf7-form init\" aria-label=\"Formulario de contacto\" novalidate=\"novalidate\" data-status=\"init\">\n<fieldset class=\"hidden-fields-container\"><input type=\"hidden\" name=\"_wpcf7\" value=\"4424\" \/><input type=\"hidden\" name=\"_wpcf7_version\" value=\"6.1.5\" \/><input type=\"hidden\" name=\"_wpcf7_locale\" value=\"es_ES\" \/><input type=\"hidden\" name=\"_wpcf7_unit_tag\" value=\"wpcf7-f4424-o1\" \/><input type=\"hidden\" name=\"_wpcf7_container_post\" value=\"0\" \/><input type=\"hidden\" name=\"_wpcf7_posted_data_hash\" value=\"\" \/>\n<\/fieldset>\n<p><label> Tu nombre<br \/>\n<span class=\"wpcf7-form-control-wrap\" data-name=\"your-name\"><input size=\"40\" maxlength=\"400\" class=\"wpcf7-form-control wpcf7-text wpcf7-validates-as-required\" aria-required=\"true\" aria-invalid=\"false\" value=\"\" type=\"text\" name=\"your-name\" \/><\/span> <\/label>\n<\/p>\n<p><label> Tu correo electr\u00f3nico<br \/>\n<span class=\"wpcf7-form-control-wrap\" data-name=\"your-email\"><input size=\"40\" maxlength=\"400\" class=\"wpcf7-form-control wpcf7-email wpcf7-validates-as-required wpcf7-text wpcf7-validates-as-email\" aria-required=\"true\" aria-invalid=\"false\" value=\"\" type=\"email\" name=\"your-email\" \/><\/span> <\/label>\n<\/p>\n<p><label> Asunto<br \/>\n<span class=\"wpcf7-form-control-wrap\" data-name=\"your-subject\"><input size=\"40\" maxlength=\"400\" class=\"wpcf7-form-control wpcf7-text wpcf7-validates-as-required\" aria-required=\"true\" aria-invalid=\"false\" value=\"\" type=\"text\" name=\"your-subject\" \/><\/span> <\/label>\n<\/p>\n<p><label> Tu mensaje (opcional)<br \/>\n<span class=\"wpcf7-form-control-wrap\" data-name=\"your-message\"><textarea cols=\"40\" rows=\"10\" maxlength=\"2000\" class=\"wpcf7-form-control wpcf7-textarea\" aria-invalid=\"false\" name=\"your-message\"><\/textarea><\/span> <\/label>\n<\/p>\n<p><span id=\"wpcf7-69e121c8d9c96-wrapper\" class=\"wpcf7-form-control-wrap company-95-wrap\" style=\"display:none !important; visibility:hidden !important;\"><input type=\"hidden\" name=\"company-95-time-start\" value=\"1776361928\"><input type=\"hidden\" name=\"company-95-time-check\" value=\"4\"><label for=\"wpcf7-69e121c8d9c96-field\" class=\"hp-message\">Por favor, deja este campo vac\u00edo.<\/label><input id=\"wpcf7-69e121c8d9c96-field\"  class=\"wpcf7-form-control wpcf7-text\" type=\"text\" name=\"company-95\" value=\"\" size=\"40\" tabindex=\"-1\" autocomplete=\"new-password\" \/><\/span>\n<\/p>\n<p><span id=\"wpcf7-69e121c8d9d06-wrapper\" class=\"wpcf7-form-control-wrap phone-390-wrap\" style=\"display:none !important; visibility:hidden !important;\"><label for=\"wpcf7-69e121c8d9d06-field\" class=\"hp-message\">Por favor, deja este campo vac\u00edo.<\/label><input id=\"wpcf7-69e121c8d9d06-field\"  class=\"wpcf7-form-control wpcf7-text\" type=\"text\" name=\"phone-390\" value=\"\" size=\"40\" tabindex=\"-1\" autocomplete=\"new-password\" \/><\/span>\n<\/p>\n<p><input class=\"wpcf7-form-control wpcf7-submit has-spinner\" type=\"submit\" value=\"Enviar\" \/>\n<\/p><div class=\"wpcf7-response-output\" aria-hidden=\"true\"><\/div>\n<\/form>\n<\/div>\n\n<\/div>\n<\/div>\n<div class=\"ugb-feature-grid__item ugb-feature-grid__item2 ugb--shadow-5\">\n<div class=\"ugb-feature-grid__image\"><img loading=\"lazy\" decoding=\"async\" width=\"1024\" height=\"682\" class=\"ugb-img wp-image-112\" src=\"https:\/\/www.pmtraining.pro\/wp-content\/uploads\/2021\/08\/Innovation-Centre-1024x682.jpeg\" alt=\"\" title=\"\" srcset=\"https:\/\/www.pmtraining.pro\/wp-content\/uploads\/2021\/08\/Innovation-Centre-1024x682.jpeg 1024w, https:\/\/www.pmtraining.pro\/wp-content\/uploads\/2021\/08\/Innovation-Centre-300x200.jpeg 300w, https:\/\/www.pmtraining.pro\/wp-content\/uploads\/2021\/08\/Innovation-Centre-768x512.jpeg 768w, https:\/\/www.pmtraining.pro\/wp-content\/uploads\/2021\/08\/Innovation-Centre.jpeg 1058w\" sizes=\"auto, (max-width: 1024px) 100vw, 1024px\" \/><\/div>\n<div class=\"ugb-feature-grid__content\">\n<p class=\"ugb-feature-grid__description\">C\/O <strong>Associate Enterprises<\/strong> Limited<br \/>CEME Campus,<br \/>Marsh Way<br \/>Londres<br \/><a href=\"https:\/\/g.page\/assentuk?share\">RM13 8EU<\/a><br \/>Reino Unido<\/p>\n<p>*PMTraining.pro est\u00e1 operado por la entidad Associate Enterprises Limited, en nombre de la ATC y ELIA.<\/p>\n<\/div>\n<\/div>\n<\/div>\n<\/div>\n<\/div>\n","protected":false},"excerpt":{"rendered":"<p>C\/O Associate Enterprises LimitedCEME Campus,Marsh WayLondresRM13 8EUReino Unido *PMTraining.pro est\u00e1 operado por la entidad Associate Enterprises Limited, en nombre de la ATC y ELIA.<\/p>\n","protected":false},"author":1,"featured_media":0,"parent":0,"menu_order":0,"comment_status":"closed","ping_status":"closed","template":"","meta":{"footnotes":""},"class_list":["post-4214","page","type-page","status-publish","hentry","user-has-not-earned"],"blocksy_meta":{"styles_descriptor":{"styles":{"desktop":"","tablet":"","mobile":""},"google_fonts":[],"version":6}},"featured_image_urls_v2":{"full":"","thumbnail":"","medium":"","medium_large":"","large":"","1536x1536":"","2048x2048":"","depicter-thumbnail":"","boswp-badgeos-achievement":""},"post_excerpt_stackable_v2":"<p>Tu nombre Tu correo electr\u00f3nico Asunto Tu mensaje (opcional) Por favor, deja este campo vac\u00edo. Por favor, deja este campo vac\u00edo. C\/O Associate Enterprises LimitedCEME Campus,Marsh WayLondresRM13 8EUReino Unido *PMTraining.pro est\u00e1 operado por la entidad Associate Enterprises Limited, en nombre de la ATC y ELIA.<\/p>\n","category_list_v2":"","author_info_v2":{"name":"admin","url":"https:\/\/www.pmtraining.pro\/es\/author\/robertclements_3mehczwv\/"},"comments_num_v2":"0 comentarios","yoast_head":"<!-- This site is optimized with the Yoast SEO plugin v27.4 - https:\/\/yoast.com\/product\/yoast-seo-wordpress\/ -->\n<title>Contacta con nosotros - PMTraining.Pro<\/title>\n<meta name=\"robots\" content=\"index, follow, max-snippet:-1, max-image-preview:large, max-video-preview:-1\" \/>\n<link rel=\"canonical\" href=\"https:\/\/www.pmtraining.pro\/es\/contacta-con-nosotros\/\" \/>\n<meta property=\"og:locale\" content=\"es_ES\" \/>\n<meta property=\"og:type\" content=\"article\" \/>\n<meta property=\"og:title\" content=\"Contacta con nosotros - PMTraining.Pro\" \/>\n<meta property=\"og:description\" content=\"C\/O Associate Enterprises LimitedCEME Campus,Marsh WayLondresRM13 8EUReino Unido *PMTraining.pro est\u00e1 operado por la entidad Associate Enterprises Limited, en nombre de la ATC y ELIA.\" \/>\n<meta property=\"og:url\" content=\"https:\/\/www.pmtraining.pro\/es\/contacta-con-nosotros\/\" \/>\n<meta property=\"og:site_name\" content=\"PMTraining.Pro\" \/>\n<meta property=\"article:modified_time\" content=\"2025-07-02T10:11:11+00:00\" \/>\n<meta property=\"og:image\" content=\"https:\/\/www.pmtraining.pro\/wp-content\/uploads\/2021\/08\/Innovation-Centre.jpeg\" \/>\n\t<meta property=\"og:image:width\" content=\"1058\" \/>\n\t<meta property=\"og:image:height\" content=\"705\" \/>\n\t<meta property=\"og:image:type\" content=\"image\/jpeg\" \/>\n<meta name=\"twitter:card\" content=\"summary_large_image\" \/>\n<script type=\"application\/ld+json\" class=\"yoast-schema-graph\">{\"@context\":\"https:\\\/\\\/schema.org\",\"@graph\":[{\"@type\":\"WebPage\",\"@id\":\"https:\\\/\\\/www.pmtraining.pro\\\/es\\\/contacta-con-nosotros\\\/\",\"url\":\"https:\\\/\\\/www.pmtraining.pro\\\/es\\\/contacta-con-nosotros\\\/\",\"name\":\"Contacta con nosotros - PMTraining.Pro\",\"isPartOf\":{\"@id\":\"https:\\\/\\\/www.pmtraining.pro\\\/es\\\/#website\"},\"primaryImageOfPage\":{\"@id\":\"https:\\\/\\\/www.pmtraining.pro\\\/es\\\/contacta-con-nosotros\\\/#primaryimage\"},\"image\":{\"@id\":\"https:\\\/\\\/www.pmtraining.pro\\\/es\\\/contacta-con-nosotros\\\/#primaryimage\"},\"thumbnailUrl\":\"https:\\\/\\\/www.pmtraining.pro\\\/wp-content\\\/uploads\\\/2021\\\/08\\\/Innovation-Centre-1024x682.jpeg\",\"datePublished\":\"2021-08-31T16:01:14+00:00\",\"dateModified\":\"2025-07-02T10:11:11+00:00\",\"breadcrumb\":{\"@id\":\"https:\\\/\\\/www.pmtraining.pro\\\/es\\\/contacta-con-nosotros\\\/#breadcrumb\"},\"inLanguage\":\"es\",\"potentialAction\":[{\"@type\":\"ReadAction\",\"target\":[\"https:\\\/\\\/www.pmtraining.pro\\\/es\\\/contacta-con-nosotros\\\/\"]}]},{\"@type\":\"ImageObject\",\"inLanguage\":\"es\",\"@id\":\"https:\\\/\\\/www.pmtraining.pro\\\/es\\\/contacta-con-nosotros\\\/#primaryimage\",\"url\":\"https:\\\/\\\/www.pmtraining.pro\\\/wp-content\\\/uploads\\\/2021\\\/08\\\/Innovation-Centre-1024x682.jpeg\",\"contentUrl\":\"https:\\\/\\\/www.pmtraining.pro\\\/wp-content\\\/uploads\\\/2021\\\/08\\\/Innovation-Centre-1024x682.jpeg\"},{\"@type\":\"BreadcrumbList\",\"@id\":\"https:\\\/\\\/www.pmtraining.pro\\\/es\\\/contacta-con-nosotros\\\/#breadcrumb\",\"itemListElement\":[{\"@type\":\"ListItem\",\"position\":1,\"name\":\"Home\",\"item\":\"https:\\\/\\\/www.pmtraining.pro\\\/es\\\/inicio\\\/\"},{\"@type\":\"ListItem\",\"position\":2,\"name\":\"Contacta con nosotros\"}]},{\"@type\":\"WebSite\",\"@id\":\"https:\\\/\\\/www.pmtraining.pro\\\/es\\\/#website\",\"url\":\"https:\\\/\\\/www.pmtraining.pro\\\/es\\\/\",\"name\":\"PMTraining.Pro\",\"description\":\"Project Management in the Language Industry\",\"publisher\":{\"@id\":\"https:\\\/\\\/www.pmtraining.pro\\\/es\\\/#organization\"},\"potentialAction\":[{\"@type\":\"SearchAction\",\"target\":{\"@type\":\"EntryPoint\",\"urlTemplate\":\"https:\\\/\\\/www.pmtraining.pro\\\/es\\\/?s={search_term_string}\"},\"query-input\":{\"@type\":\"PropertyValueSpecification\",\"valueRequired\":true,\"valueName\":\"search_term_string\"}}],\"inLanguage\":\"es\"},{\"@type\":\"Organization\",\"@id\":\"https:\\\/\\\/www.pmtraining.pro\\\/es\\\/#organization\",\"name\":\"PMTraining.Pro\",\"url\":\"https:\\\/\\\/www.pmtraining.pro\\\/es\\\/\",\"logo\":{\"@type\":\"ImageObject\",\"inLanguage\":\"es\",\"@id\":\"https:\\\/\\\/www.pmtraining.pro\\\/es\\\/#\\\/schema\\\/logo\\\/image\\\/\",\"url\":\"https:\\\/\\\/www.pmtraining.pro\\\/wp-content\\\/uploads\\\/2021\\\/11\\\/PM-Training-Certification.png\",\"contentUrl\":\"https:\\\/\\\/www.pmtraining.pro\\\/wp-content\\\/uploads\\\/2021\\\/11\\\/PM-Training-Certification.png\",\"width\":1000,\"height\":218,\"caption\":\"PMTraining.Pro\"},\"image\":{\"@id\":\"https:\\\/\\\/www.pmtraining.pro\\\/es\\\/#\\\/schema\\\/logo\\\/image\\\/\"}}]}<\/script>\n<!-- \/ Yoast SEO plugin. -->","yoast_head_json":{"title":"Contacta con nosotros - PMTraining.Pro","robots":{"index":"index","follow":"follow","max-snippet":"max-snippet:-1","max-image-preview":"max-image-preview:large","max-video-preview":"max-video-preview:-1"},"canonical":"https:\/\/www.pmtraining.pro\/es\/contacta-con-nosotros\/","og_locale":"es_ES","og_type":"article","og_title":"Contacta con nosotros - PMTraining.Pro","og_description":"C\/O Associate Enterprises LimitedCEME Campus,Marsh WayLondresRM13 8EUReino Unido *PMTraining.pro est\u00e1 operado por la entidad Associate Enterprises Limited, en nombre de la ATC y ELIA.","og_url":"https:\/\/www.pmtraining.pro\/es\/contacta-con-nosotros\/","og_site_name":"PMTraining.Pro","article_modified_time":"2025-07-02T10:11:11+00:00","og_image":[{"width":1058,"height":705,"url":"https:\/\/www.pmtraining.pro\/wp-content\/uploads\/2021\/08\/Innovation-Centre.jpeg","type":"image\/jpeg"}],"twitter_card":"summary_large_image","schema":{"@context":"https:\/\/schema.org","@graph":[{"@type":"WebPage","@id":"https:\/\/www.pmtraining.pro\/es\/contacta-con-nosotros\/","url":"https:\/\/www.pmtraining.pro\/es\/contacta-con-nosotros\/","name":"Contacta con nosotros - PMTraining.Pro","isPartOf":{"@id":"https:\/\/www.pmtraining.pro\/es\/#website"},"primaryImageOfPage":{"@id":"https:\/\/www.pmtraining.pro\/es\/contacta-con-nosotros\/#primaryimage"},"image":{"@id":"https:\/\/www.pmtraining.pro\/es\/contacta-con-nosotros\/#primaryimage"},"thumbnailUrl":"https:\/\/www.pmtraining.pro\/wp-content\/uploads\/2021\/08\/Innovation-Centre-1024x682.jpeg","datePublished":"2021-08-31T16:01:14+00:00","dateModified":"2025-07-02T10:11:11+00:00","breadcrumb":{"@id":"https:\/\/www.pmtraining.pro\/es\/contacta-con-nosotros\/#breadcrumb"},"inLanguage":"es","potentialAction":[{"@type":"ReadAction","target":["https:\/\/www.pmtraining.pro\/es\/contacta-con-nosotros\/"]}]},{"@type":"ImageObject","inLanguage":"es","@id":"https:\/\/www.pmtraining.pro\/es\/contacta-con-nosotros\/#primaryimage","url":"https:\/\/www.pmtraining.pro\/wp-content\/uploads\/2021\/08\/Innovation-Centre-1024x682.jpeg","contentUrl":"https:\/\/www.pmtraining.pro\/wp-content\/uploads\/2021\/08\/Innovation-Centre-1024x682.jpeg"},{"@type":"BreadcrumbList","@id":"https:\/\/www.pmtraining.pro\/es\/contacta-con-nosotros\/#breadcrumb","itemListElement":[{"@type":"ListItem","position":1,"name":"Home","item":"https:\/\/www.pmtraining.pro\/es\/inicio\/"},{"@type":"ListItem","position":2,"name":"Contacta con nosotros"}]},{"@type":"WebSite","@id":"https:\/\/www.pmtraining.pro\/es\/#website","url":"https:\/\/www.pmtraining.pro\/es\/","name":"PMTraining.Pro","description":"Project Management in the Language Industry","publisher":{"@id":"https:\/\/www.pmtraining.pro\/es\/#organization"},"potentialAction":[{"@type":"SearchAction","target":{"@type":"EntryPoint","urlTemplate":"https:\/\/www.pmtraining.pro\/es\/?s={search_term_string}"},"query-input":{"@type":"PropertyValueSpecification","valueRequired":true,"valueName":"search_term_string"}}],"inLanguage":"es"},{"@type":"Organization","@id":"https:\/\/www.pmtraining.pro\/es\/#organization","name":"PMTraining.Pro","url":"https:\/\/www.pmtraining.pro\/es\/","logo":{"@type":"ImageObject","inLanguage":"es","@id":"https:\/\/www.pmtraining.pro\/es\/#\/schema\/logo\/image\/","url":"https:\/\/www.pmtraining.pro\/wp-content\/uploads\/2021\/11\/PM-Training-Certification.png","contentUrl":"https:\/\/www.pmtraining.pro\/wp-content\/uploads\/2021\/11\/PM-Training-Certification.png","width":1000,"height":218,"caption":"PMTraining.Pro"},"image":{"@id":"https:\/\/www.pmtraining.pro\/es\/#\/schema\/logo\/image\/"}}]}},"_links":{"self":[{"href":"https:\/\/www.pmtraining.pro\/es\/wp-json\/wp\/v2\/pages\/4214","targetHints":{"allow":["GET"]}}],"collection":[{"href":"https:\/\/www.pmtraining.pro\/es\/wp-json\/wp\/v2\/pages"}],"about":[{"href":"https:\/\/www.pmtraining.pro\/es\/wp-json\/wp\/v2\/types\/page"}],"author":[{"embeddable":true,"href":"https:\/\/www.pmtraining.pro\/es\/wp-json\/wp\/v2\/users\/1"}],"replies":[{"embeddable":true,"href":"https:\/\/www.pmtraining.pro\/es\/wp-json\/wp\/v2\/comments?post=4214"}],"version-history":[{"count":1,"href":"https:\/\/www.pmtraining.pro\/es\/wp-json\/wp\/v2\/pages\/4214\/revisions"}],"predecessor-version":[{"id":4215,"href":"https:\/\/www.pmtraining.pro\/es\/wp-json\/wp\/v2\/pages\/4214\/revisions\/4215"}],"wp:attachment":[{"href":"https:\/\/www.pmtraining.pro\/es\/wp-json\/wp\/v2\/media?parent=4214"}],"curies":[{"name":"wp","href":"https:\/\/api.w.org\/{rel}","templated":true}]}}