{"id":4212,"date":"2021-08-31T12:45:59","date_gmt":"2021-08-31T12:45:59","guid":{"rendered":"https:\/\/www.pmtraining.pro\/quienes-somos\/"},"modified":"2025-07-02T10:09:12","modified_gmt":"2025-07-02T10:09:12","slug":"quienes-somos","status":"publish","type":"page","link":"https:\/\/www.pmtraining.pro\/es\/quienes-somos\/","title":{"rendered":"Qui\u00e9nes somos"},"content":{"rendered":"<div class=\"alignwide wp-block-ugb-feature-grid ugb-feature-grid ugb-b72efa3 ugb-feature-grid--v2 ugb-feature-grid--columns-2 ugb-feature-grid--design-basic ugb-main-block\">\n<style>.ugb-b72efa3 .ugb-feature-grid__item{border-radius:0px !important}.ugb-b72efa3 .ugb-img,.ugb-b72efa3 .ugb-feature-grid__image{margin-left:0 !important;margin-right:auto !important}.ugb-b72efa3 .ugb-feature-grid__title{text-align:left}.ugb-b72efa3 .ugb-feature-grid__description{text-align:left}.ugb-b72efa3 .ugb-button .ugb-button--inner{font-family:\"Lato\",Sans-serif !important}.ugb-b72efa3 .ugb-button{background-color:var(--stk-global-color-88711,#313131);border-radius:0px !important}.ugb-b72efa3 .ugb-button .ugb-button--inner,.ugb-b72efa3 .ugb-button svg:not(.ugb-custom-icon){color:#ffffff !important}.ugb-b72efa3 .ugb-button:before{border-radius:0px !important}.ugb-b72efa3 .ugb-button-container{text-align:center !important}.ugb-b72efa3 .ugb-inner-block{text-align:left}@media screen and (min-width:768px){.ugb-b72efa3.ugb-feature-grid{padding-top:5% !important;padding-bottom:5% !important}}<\/style>\n<div class=\"ugb-inner-block\">\n<div class=\"ugb-block-content\">\n<div class=\"ugb-feature-grid__item ugb-feature-grid__item1 ugb--shadow-5\">\n<div class=\"ugb-feature-grid__image\"><img loading=\"lazy\" decoding=\"async\" width=\"1024\" height=\"301\" class=\"ugb-img wp-image-2348\" src=\"https:\/\/www.pmtraining.pro\/wp-content\/uploads\/2022\/10\/ATC-Logo-1024x301.png\" alt=\"Association of Translation Companies\" title=\"\" srcset=\"https:\/\/www.pmtraining.pro\/wp-content\/uploads\/2022\/10\/ATC-Logo-1024x301.png 1024w, https:\/\/www.pmtraining.pro\/wp-content\/uploads\/2022\/10\/ATC-Logo-300x88.png 300w, https:\/\/www.pmtraining.pro\/wp-content\/uploads\/2022\/10\/ATC-Logo-768x226.png 768w, https:\/\/www.pmtraining.pro\/wp-content\/uploads\/2022\/10\/ATC-Logo.png 1071w\" sizes=\"auto, (max-width: 1024px) 100vw, 1024px\" \/><\/div>\n<div class=\"ugb-feature-grid__content\">\n<h4 class=\"ugb-feature-grid__title\">Asociaci\u00f3n de Empresas de Traducci\u00f3n (ATC)<\/h4>\n<p class=\"ugb-feature-grid__description\"><span style=\"color: var(--theme-palette-color-4, #002c43);\" class=\"stk-highlight\">La Asociaci\u00f3n de Empresas de Traducci\u00f3n (ATC) es la voz principal de las empresas que operan dentro de la industria de servicios ling\u00fc\u00edsticos en el Reino Unido.<\/span><\/p>\n<p><span style=\"color: var(--theme-palette-color-4, #002c43);\" class=\"stk-highlight\">La ATC define est\u00e1ndares de excelencia para las empresas de servicios ling\u00fc\u00edsticos mediante la promoci\u00f3n de servicios orientados a la calidad y las pr\u00e1cticas recomendadas.<\/span><\/p>\n<p><span style=\"color: var(--theme-palette-color-4, #002c43);\" class=\"stk-highlight\">Asimismo, la ATC impulsa el crecimiento de las empresas de servicios ling\u00fc\u00edsticos y de la industria de servicios ling\u00fc\u00edsticos a trav\u00e9s de sus trabajos de investigaci\u00f3n, iniciativas y actividades, en colaboraci\u00f3n con los actores clave.<\/span><\/p>\n<div class=\"ugb-button-container\"><a class=\"ugb-button ugb-button--size-normal ugb--shadow-2\" href=\"https:\/\/atc.org.uk\/\" target=\"_blank\" rel=\"noopener noreferrer\" title=\"\"><span class=\"ugb-button--inner\">\u00a1M\u00c1S INFORMACI\u00d3N Y \u00daNASE AHORA!<\/span><\/a><\/div>\n<\/div>\n<\/div>\n<div class=\"ugb-feature-grid__item ugb-feature-grid__item2 ugb--shadow-5\">\n<div class=\"ugb-feature-grid__image\"><img decoding=\"async\" class=\"ugb-img wp-image-103\" src=\"https:\/\/www.pmtraining.pro\/wp-content\/uploads\/2021\/08\/elia.svg\" alt=\"ELIA\" title=\"\"\/><\/div>\n<div class=\"ugb-feature-grid__content\">\n<h4 class=\"ugb-feature-grid__title\">Asociaci\u00f3n Europea de la Industria Ling\u00fc\u00edstica<\/h4>\n<p class=\"ugb-feature-grid__description\"><span style=\"color: var(--theme-palette-color-4, #002c43);\" class=\"stk-highlight\">ELIA es la asociaci\u00f3n comercial europea sin \u00e1nimo de lucro de empresas de servicios ling\u00fc\u00edsticos que tiene la misi\u00f3n de acelerar el \u00e9xito empresarial de sus miembros.<\/span><\/p>\n<p><span style=\"color: var(--theme-palette-color-4, #002c43);\" class=\"stk-highlight\">ELIA se compromete a crear eventos e iniciativas de relevancia para las necesidades e intereses de las empresas ling\u00fc\u00edsticas con un enfoque empresarial europeo.<\/span><\/p>\n<p><span style=\"color: var(--theme-palette-color-4, #002c43);\" class=\"stk-highlight\">Actualmente, la Asociaci\u00f3n Europea de Servicios Ling\u00fc\u00edsticos (ELIA), fundada en 2005, es la principal asociaci\u00f3n del sector de los servicios ling\u00fc\u00edsticos en Europa.<\/span><\/p>\n<div class=\"ugb-button-container\"><a class=\"ugb-button ugb-button--size-normal ugb--shadow-2\" href=\"https:\/\/elia-association.org\/\" target=\"_blank\" rel=\"noopener noreferrer\" title=\"\"><span class=\"ugb-button--inner\">\u00a1M\u00c1S INFORMACI\u00d3N Y \u00daNASE AHORA!<\/span><\/a><\/div>\n<\/div>\n<\/div>\n<\/div>\n<\/div>\n<\/div>\n","protected":false},"excerpt":{"rendered":"<p>Asociaci\u00f3n de Empresas de Traducci\u00f3n (ATC) La Asociaci\u00f3n de Empresas de Traducci\u00f3n (ATC) es la voz principal de las empresas que operan dentro de la industria de servicios ling\u00fc\u00edsticos en el Reino Unido. La ATC define est\u00e1ndares de excelencia para las empresas de servicios ling\u00fc\u00edsticos mediante la promoci\u00f3n de servicios orientados a la calidad y [&hellip;]<\/p>\n","protected":false},"author":1,"featured_media":0,"parent":0,"menu_order":0,"comment_status":"closed","ping_status":"closed","template":"","meta":{"footnotes":""},"class_list":["post-4212","page","type-page","status-publish","hentry","user-has-not-earned"],"blocksy_meta":{"styles_descriptor":{"styles":{"desktop":"","tablet":"","mobile":""},"google_fonts":[],"version":6}},"featured_image_urls_v2":{"full":"","thumbnail":"","medium":"","medium_large":"","large":"","1536x1536":"","2048x2048":"","depicter-thumbnail":"","boswp-badgeos-achievement":""},"post_excerpt_stackable_v2":"<p>Asociaci\u00f3n de Empresas de Traducci\u00f3n (ATC) La Asociaci\u00f3n de Empresas de Traducci\u00f3n (ATC) es la voz principal de las empresas que operan dentro de la industria de servicios ling\u00fc\u00edsticos en el Reino Unido. La ATC define est\u00e1ndares de excelencia para las empresas de servicios ling\u00fc\u00edsticos mediante la promoci\u00f3n de servicios orientados a la calidad y las pr\u00e1cticas recomendadas. Asimismo, la ATC impulsa el crecimiento de las empresas de servicios ling\u00fc\u00edsticos y de la industria de servicios ling\u00fc\u00edsticos a trav\u00e9s de sus trabajos de investigaci\u00f3n, iniciativas y actividades, en colaboraci\u00f3n con los actores clave. \u00a1M\u00c1S INFORMACI\u00d3N Y \u00daNASE AHORA! Asociaci\u00f3n Europea&hellip;<\/p>\n","category_list_v2":"","author_info_v2":{"name":"admin","url":"https:\/\/www.pmtraining.pro\/es\/author\/robertclements_3mehczwv\/"},"comments_num_v2":"0 comentarios","yoast_head":"<!-- This site is optimized with the Yoast SEO plugin v27.5 - https:\/\/yoast.com\/product\/yoast-seo-wordpress\/ -->\n<title>Qui\u00e9nes somos - PMTraining.Pro<\/title>\n<meta name=\"description\" content=\"El Curso de Formaci\u00f3n y Examen de Certificaci\u00f3n PM est\u00e1 organizado por dos destacadas asociaciones europeas del sector de los servicios ling\u00fc\u00edsticos, la ATC y Elia.\" \/>\n<meta name=\"robots\" content=\"index, follow, max-snippet:-1, max-image-preview:large, max-video-preview:-1\" \/>\n<link rel=\"canonical\" href=\"https:\/\/www.pmtraining.pro\/es\/quienes-somos\/\" \/>\n<meta property=\"og:locale\" content=\"es_ES\" \/>\n<meta property=\"og:type\" content=\"article\" \/>\n<meta property=\"og:title\" content=\"Qui\u00e9nes somos - PMTraining.Pro\" \/>\n<meta property=\"og:description\" content=\"El Curso de Formaci\u00f3n y Examen de Certificaci\u00f3n PM est\u00e1 organizado por dos destacadas asociaciones europeas del sector de los servicios ling\u00fc\u00edsticos, la ATC y Elia.\" \/>\n<meta property=\"og:url\" content=\"https:\/\/www.pmtraining.pro\/es\/quienes-somos\/\" \/>\n<meta property=\"og:site_name\" content=\"PMTraining.Pro\" \/>\n<meta property=\"article:modified_time\" content=\"2025-07-02T10:09:12+00:00\" \/>\n<meta property=\"og:image\" content=\"https:\/\/www.pmtraining.pro\/wp-content\/uploads\/2022\/10\/ATC-Logo.png\" \/>\n\t<meta property=\"og:image:width\" content=\"1071\" \/>\n\t<meta property=\"og:image:height\" content=\"315\" \/>\n\t<meta property=\"og:image:type\" content=\"image\/png\" \/>\n<meta name=\"twitter:card\" content=\"summary_large_image\" \/>\n<meta name=\"twitter:label1\" content=\"Tiempo de lectura\" \/>\n\t<meta name=\"twitter:data1\" content=\"1 minuto\" \/>\n<script type=\"application\/ld+json\" class=\"yoast-schema-graph\">{\"@context\":\"https:\\\/\\\/schema.org\",\"@graph\":[{\"@type\":\"WebPage\",\"@id\":\"https:\\\/\\\/www.pmtraining.pro\\\/es\\\/quienes-somos\\\/\",\"url\":\"https:\\\/\\\/www.pmtraining.pro\\\/es\\\/quienes-somos\\\/\",\"name\":\"Qui\u00e9nes somos - PMTraining.Pro\",\"isPartOf\":{\"@id\":\"https:\\\/\\\/www.pmtraining.pro\\\/es\\\/#website\"},\"primaryImageOfPage\":{\"@id\":\"https:\\\/\\\/www.pmtraining.pro\\\/es\\\/quienes-somos\\\/#primaryimage\"},\"image\":{\"@id\":\"https:\\\/\\\/www.pmtraining.pro\\\/es\\\/quienes-somos\\\/#primaryimage\"},\"thumbnailUrl\":\"https:\\\/\\\/www.pmtraining.pro\\\/wp-content\\\/uploads\\\/2022\\\/10\\\/ATC-Logo-1024x301.png\",\"datePublished\":\"2021-08-31T12:45:59+00:00\",\"dateModified\":\"2025-07-02T10:09:12+00:00\",\"description\":\"El Curso de Formaci\u00f3n y Examen de Certificaci\u00f3n PM est\u00e1 organizado por dos destacadas asociaciones europeas del sector de los servicios ling\u00fc\u00edsticos, la ATC y Elia.\",\"breadcrumb\":{\"@id\":\"https:\\\/\\\/www.pmtraining.pro\\\/es\\\/quienes-somos\\\/#breadcrumb\"},\"inLanguage\":\"es\",\"potentialAction\":[{\"@type\":\"ReadAction\",\"target\":[\"https:\\\/\\\/www.pmtraining.pro\\\/es\\\/quienes-somos\\\/\"]}]},{\"@type\":\"ImageObject\",\"inLanguage\":\"es\",\"@id\":\"https:\\\/\\\/www.pmtraining.pro\\\/es\\\/quienes-somos\\\/#primaryimage\",\"url\":\"https:\\\/\\\/www.pmtraining.pro\\\/wp-content\\\/uploads\\\/2022\\\/10\\\/ATC-Logo-1024x301.png\",\"contentUrl\":\"https:\\\/\\\/www.pmtraining.pro\\\/wp-content\\\/uploads\\\/2022\\\/10\\\/ATC-Logo-1024x301.png\"},{\"@type\":\"BreadcrumbList\",\"@id\":\"https:\\\/\\\/www.pmtraining.pro\\\/es\\\/quienes-somos\\\/#breadcrumb\",\"itemListElement\":[{\"@type\":\"ListItem\",\"position\":1,\"name\":\"Home\",\"item\":\"https:\\\/\\\/www.pmtraining.pro\\\/es\\\/inicio\\\/\"},{\"@type\":\"ListItem\",\"position\":2,\"name\":\"Qui\u00e9nes somos\"}]},{\"@type\":\"WebSite\",\"@id\":\"https:\\\/\\\/www.pmtraining.pro\\\/es\\\/#website\",\"url\":\"https:\\\/\\\/www.pmtraining.pro\\\/es\\\/\",\"name\":\"PMTraining.Pro\",\"description\":\"Project Management in the Language Industry\",\"publisher\":{\"@id\":\"https:\\\/\\\/www.pmtraining.pro\\\/es\\\/#organization\"},\"potentialAction\":[{\"@type\":\"SearchAction\",\"target\":{\"@type\":\"EntryPoint\",\"urlTemplate\":\"https:\\\/\\\/www.pmtraining.pro\\\/es\\\/?s={search_term_string}\"},\"query-input\":{\"@type\":\"PropertyValueSpecification\",\"valueRequired\":true,\"valueName\":\"search_term_string\"}}],\"inLanguage\":\"es\"},{\"@type\":\"Organization\",\"@id\":\"https:\\\/\\\/www.pmtraining.pro\\\/es\\\/#organization\",\"name\":\"PMTraining.Pro\",\"url\":\"https:\\\/\\\/www.pmtraining.pro\\\/es\\\/\",\"logo\":{\"@type\":\"ImageObject\",\"inLanguage\":\"es\",\"@id\":\"https:\\\/\\\/www.pmtraining.pro\\\/es\\\/#\\\/schema\\\/logo\\\/image\\\/\",\"url\":\"https:\\\/\\\/www.pmtraining.pro\\\/wp-content\\\/uploads\\\/2021\\\/11\\\/PM-Training-Certification.png\",\"contentUrl\":\"https:\\\/\\\/www.pmtraining.pro\\\/wp-content\\\/uploads\\\/2021\\\/11\\\/PM-Training-Certification.png\",\"width\":1000,\"height\":218,\"caption\":\"PMTraining.Pro\"},\"image\":{\"@id\":\"https:\\\/\\\/www.pmtraining.pro\\\/es\\\/#\\\/schema\\\/logo\\\/image\\\/\"}}]}<\/script>\n<!-- \/ Yoast SEO plugin. -->","yoast_head_json":{"title":"Qui\u00e9nes somos - PMTraining.Pro","description":"El Curso de Formaci\u00f3n y Examen de Certificaci\u00f3n PM est\u00e1 organizado por dos destacadas asociaciones europeas del sector de los servicios ling\u00fc\u00edsticos, la ATC y Elia.","robots":{"index":"index","follow":"follow","max-snippet":"max-snippet:-1","max-image-preview":"max-image-preview:large","max-video-preview":"max-video-preview:-1"},"canonical":"https:\/\/www.pmtraining.pro\/es\/quienes-somos\/","og_locale":"es_ES","og_type":"article","og_title":"Qui\u00e9nes somos - PMTraining.Pro","og_description":"El Curso de Formaci\u00f3n y Examen de Certificaci\u00f3n PM est\u00e1 organizado por dos destacadas asociaciones europeas del sector de los servicios ling\u00fc\u00edsticos, la ATC y Elia.","og_url":"https:\/\/www.pmtraining.pro\/es\/quienes-somos\/","og_site_name":"PMTraining.Pro","article_modified_time":"2025-07-02T10:09:12+00:00","og_image":[{"width":1071,"height":315,"url":"https:\/\/www.pmtraining.pro\/wp-content\/uploads\/2022\/10\/ATC-Logo.png","type":"image\/png"}],"twitter_card":"summary_large_image","twitter_misc":{"Tiempo de lectura":"1 minuto"},"schema":{"@context":"https:\/\/schema.org","@graph":[{"@type":"WebPage","@id":"https:\/\/www.pmtraining.pro\/es\/quienes-somos\/","url":"https:\/\/www.pmtraining.pro\/es\/quienes-somos\/","name":"Qui\u00e9nes somos - PMTraining.Pro","isPartOf":{"@id":"https:\/\/www.pmtraining.pro\/es\/#website"},"primaryImageOfPage":{"@id":"https:\/\/www.pmtraining.pro\/es\/quienes-somos\/#primaryimage"},"image":{"@id":"https:\/\/www.pmtraining.pro\/es\/quienes-somos\/#primaryimage"},"thumbnailUrl":"https:\/\/www.pmtraining.pro\/wp-content\/uploads\/2022\/10\/ATC-Logo-1024x301.png","datePublished":"2021-08-31T12:45:59+00:00","dateModified":"2025-07-02T10:09:12+00:00","description":"El Curso de Formaci\u00f3n y Examen de Certificaci\u00f3n PM est\u00e1 organizado por dos destacadas asociaciones europeas del sector de los servicios ling\u00fc\u00edsticos, la ATC y Elia.","breadcrumb":{"@id":"https:\/\/www.pmtraining.pro\/es\/quienes-somos\/#breadcrumb"},"inLanguage":"es","potentialAction":[{"@type":"ReadAction","target":["https:\/\/www.pmtraining.pro\/es\/quienes-somos\/"]}]},{"@type":"ImageObject","inLanguage":"es","@id":"https:\/\/www.pmtraining.pro\/es\/quienes-somos\/#primaryimage","url":"https:\/\/www.pmtraining.pro\/wp-content\/uploads\/2022\/10\/ATC-Logo-1024x301.png","contentUrl":"https:\/\/www.pmtraining.pro\/wp-content\/uploads\/2022\/10\/ATC-Logo-1024x301.png"},{"@type":"BreadcrumbList","@id":"https:\/\/www.pmtraining.pro\/es\/quienes-somos\/#breadcrumb","itemListElement":[{"@type":"ListItem","position":1,"name":"Home","item":"https:\/\/www.pmtraining.pro\/es\/inicio\/"},{"@type":"ListItem","position":2,"name":"Qui\u00e9nes somos"}]},{"@type":"WebSite","@id":"https:\/\/www.pmtraining.pro\/es\/#website","url":"https:\/\/www.pmtraining.pro\/es\/","name":"PMTraining.Pro","description":"Project Management in the Language Industry","publisher":{"@id":"https:\/\/www.pmtraining.pro\/es\/#organization"},"potentialAction":[{"@type":"SearchAction","target":{"@type":"EntryPoint","urlTemplate":"https:\/\/www.pmtraining.pro\/es\/?s={search_term_string}"},"query-input":{"@type":"PropertyValueSpecification","valueRequired":true,"valueName":"search_term_string"}}],"inLanguage":"es"},{"@type":"Organization","@id":"https:\/\/www.pmtraining.pro\/es\/#organization","name":"PMTraining.Pro","url":"https:\/\/www.pmtraining.pro\/es\/","logo":{"@type":"ImageObject","inLanguage":"es","@id":"https:\/\/www.pmtraining.pro\/es\/#\/schema\/logo\/image\/","url":"https:\/\/www.pmtraining.pro\/wp-content\/uploads\/2021\/11\/PM-Training-Certification.png","contentUrl":"https:\/\/www.pmtraining.pro\/wp-content\/uploads\/2021\/11\/PM-Training-Certification.png","width":1000,"height":218,"caption":"PMTraining.Pro"},"image":{"@id":"https:\/\/www.pmtraining.pro\/es\/#\/schema\/logo\/image\/"}}]}},"_links":{"self":[{"href":"https:\/\/www.pmtraining.pro\/es\/wp-json\/wp\/v2\/pages\/4212","targetHints":{"allow":["GET"]}}],"collection":[{"href":"https:\/\/www.pmtraining.pro\/es\/wp-json\/wp\/v2\/pages"}],"about":[{"href":"https:\/\/www.pmtraining.pro\/es\/wp-json\/wp\/v2\/types\/page"}],"author":[{"embeddable":true,"href":"https:\/\/www.pmtraining.pro\/es\/wp-json\/wp\/v2\/users\/1"}],"replies":[{"embeddable":true,"href":"https:\/\/www.pmtraining.pro\/es\/wp-json\/wp\/v2\/comments?post=4212"}],"version-history":[{"count":1,"href":"https:\/\/www.pmtraining.pro\/es\/wp-json\/wp\/v2\/pages\/4212\/revisions"}],"predecessor-version":[{"id":4213,"href":"https:\/\/www.pmtraining.pro\/es\/wp-json\/wp\/v2\/pages\/4212\/revisions\/4213"}],"wp:attachment":[{"href":"https:\/\/www.pmtraining.pro\/es\/wp-json\/wp\/v2\/media?parent=4212"}],"curies":[{"name":"wp","href":"https:\/\/api.w.org\/{rel}","templated":true}]}}