{"id":4035,"date":"2022-12-01T14:50:23","date_gmt":"2022-12-01T14:50:23","guid":{"rendered":"https:\/\/www.pmtraining.pro\/acerca-del-examen\/"},"modified":"2025-06-30T12:47:02","modified_gmt":"2025-06-30T12:47:02","slug":"acerca-del-examen","status":"publish","type":"page","link":"https:\/\/www.pmtraining.pro\/es\/acerca-del-examen\/","title":{"rendered":"Informaci\u00f3n sobre el examen"},"content":{"rendered":"<p><span style=\"color: var(--theme-palette-color-4, #002c43);\" class=\"stk-highlight\">Puede comprar un examen de certificaci\u00f3n por separado para complementar el curso de formaci\u00f3n y mostrar sus habilidades y conocimientos o los de su equipo.<\/span><\/p>\n<p><span style=\"color: var(--theme-palette-color-4, #002c43);\" class=\"stk-highlight\">El examen consta de 22 preguntas, cada una basada en una lecci\u00f3n del Curso de formaci\u00f3n para PM. Los alumnos disponen de una sola oportunidad y tendr\u00e1n  <\/span>que obtener una calificaci\u00f3n <span style=\"color: var(--theme-palette-color-4, #002c43);\" class=\"stk-highlight\">de 15\/22 para aprobar el examen.<\/span> <\/p>\n<p><span style=\"color: var(--theme-palette-color-4, #002c43);\" class=\"stk-highlight\">Al aprobar el Examen de certificaci\u00f3n, los alumnos pueden descargar su insignia y certificado de PM.<\/span><\/p>\n\t<form id=\"edd_purchase_2647\" class=\"edd_download_purchase_form edd_purchase_2647\" method=\"post\">\n\n\t\t\n\t\t<div class=\"edd_purchase_submit_wrapper\">\n\t\t\t<button class=\"edd-add-to-cart button red edd-submit\" data-nonce=\"c8cfe1d45d\" data-timestamp=\"1777506678\" data-token=\"acf7afd2c7ff7a7832ae642ba0b9c2f3fc7c2d75b06510f03aa1bd7e71302d6a\" data-action=\"edd_add_to_cart\" data-download-id=\"2647\" data-variable-price=\"no\" data-price-mode=single data-price=\"100.00\" ><span class=\"edd-add-to-cart-label\">&euro;100.00&nbsp;&ndash;&nbsp;BUY NOW<\/span> <span class=\"edd-loading\" aria-label=\"Cargando\"><\/span><\/button><input type=\"submit\" class=\"edd-add-to-cart edd-no-js button red edd-submit\" name=\"edd_purchase_download\" value=\"&euro;100.00&nbsp;&ndash;&nbsp;BUY NOW\" data-action=\"edd_add_to_cart\" data-download-id=\"2647\" data-variable-price=\"no\" data-price-mode=single \/><a href=\"https:\/\/www.pmtraining.pro\/checkout\/\" class=\"edd_go_to_checkout button red edd-submit\" style=\"display:none;\">Finalizar compra<\/a>\n\t\t\t\t\t\t\t<span class=\"edd-cart-ajax-alert\" aria-live=\"assertive\">\n\t\t\t\t\t<span class=\"edd-cart-added-alert\" style=\"display: none;\">\n\t\t\t\t\t\t<svg class=\"edd-icon edd-icon-check\" xmlns=\"http:\/\/www.w3.org\/2000\/svg\" width=\"28\" height=\"28\" viewBox=\"0 0 28 28\" aria-hidden=\"true\">\n\t\t\t\t\t\t\t<path d=\"M26.11 8.844c0 .39-.157.78-.44 1.062L12.234 23.344c-.28.28-.672.438-1.062.438s-.78-.156-1.06-.438l-7.782-7.78c-.28-.282-.438-.673-.438-1.063s.156-.78.438-1.06l2.125-2.126c.28-.28.672-.438 1.062-.438s.78.156 1.062.438l4.594 4.61L21.42 5.656c.282-.28.673-.438 1.063-.438s.78.155 1.062.437l2.125 2.125c.28.28.438.672.438 1.062z\"\/>\n\t\t\t\t\t\t<\/svg>\n\t\t\t\t\t\tA\u00f1adido al carrito\t\t\t\t\t<\/span>\n\t\t\t\t<\/span>\n\t\t\t\t\t\t\t\t\t\t\t\t\t\t\t<\/div><!--end .edd_purchase_submit_wrapper-->\n\n\t\t<input type=\"hidden\" name=\"download_id\" value=\"2647\">\n\t\t\t\t\t\t\t<input type=\"hidden\" name=\"edd_action\" class=\"edd_action_input\" value=\"add_to_cart\">\n\t\t\n\t\t\t\t\t<input type=\"hidden\" name=\"edd_redirect_to_checkout\" value=\"1\">\n\t\t\n\t\t\n\t\t\n\t<\/form><!--end #edd_purchase_2647-->\n\t\n","protected":false},"excerpt":{"rendered":"<p>Puede comprar un examen de certificaci\u00f3n por separado para complementar el curso de formaci\u00f3n y mostrar sus habilidades y conocimientos o los de su equipo. El examen consta de 22 preguntas, cada una basada en una lecci\u00f3n del Curso de formaci\u00f3n para PM. Los alumnos disponen de una sola oportunidad y tendr\u00e1n que obtener una [&hellip;]<\/p>\n","protected":false},"author":3,"featured_media":0,"parent":0,"menu_order":0,"comment_status":"closed","ping_status":"closed","template":"","meta":{"footnotes":""},"class_list":["post-4035","page","type-page","status-publish","hentry","user-has-not-earned"],"blocksy_meta":{"styles_descriptor":{"styles":{"desktop":"","tablet":"","mobile":""},"google_fonts":[],"version":6}},"featured_image_urls_v2":{"full":"","thumbnail":"","medium":"","medium_large":"","large":"","1536x1536":"","2048x2048":"","depicter-thumbnail":"","boswp-badgeos-achievement":""},"post_excerpt_stackable_v2":"<p>Puede comprar un examen de certificaci\u00f3n por separado para complementar el curso de formaci\u00f3n y mostrar sus habilidades y conocimientos o los de su equipo. El examen consta de 22 preguntas, cada una basada en una lecci\u00f3n del Curso de formaci\u00f3n para PM. Los alumnos disponen de una sola oportunidad y tendr\u00e1n que obtener una calificaci\u00f3n de 15\/22 para aprobar el examen. Al aprobar el Examen de certificaci\u00f3n, los alumnos pueden descargar su insignia y certificado de PM. &euro;100.00&nbsp;&ndash;&nbsp;BUY NOW Finalizar compra A\u00f1adido al carrito<\/p>\n","category_list_v2":"","author_info_v2":{"name":"Admin","url":"https:\/\/www.pmtraining.pro\/es\/author\/kathy-clementsassent1-com\/"},"comments_num_v2":"0 comentarios","yoast_head":"<!-- This site is optimized with the Yoast SEO plugin v27.5 - https:\/\/yoast.com\/product\/yoast-seo-wordpress\/ -->\n<title>Informaci\u00f3n sobre el examen - PMTraining.Pro<\/title>\n<meta name=\"robots\" content=\"index, follow, max-snippet:-1, max-image-preview:large, max-video-preview:-1\" \/>\n<link rel=\"canonical\" href=\"https:\/\/www.pmtraining.pro\/es\/acerca-del-examen\/\" \/>\n<meta property=\"og:locale\" content=\"es_ES\" \/>\n<meta property=\"og:type\" content=\"article\" \/>\n<meta property=\"og:title\" content=\"Informaci\u00f3n sobre el examen - PMTraining.Pro\" \/>\n<meta property=\"og:description\" content=\"Puede comprar un examen de certificaci\u00f3n por separado para complementar el curso de formaci\u00f3n y mostrar sus habilidades y conocimientos o los de su equipo. El examen consta de 22 preguntas, cada una basada en una lecci\u00f3n del Curso de formaci\u00f3n para PM. Los alumnos disponen de una sola oportunidad y tendr\u00e1n que obtener una [&hellip;]\" \/>\n<meta property=\"og:url\" content=\"https:\/\/www.pmtraining.pro\/es\/acerca-del-examen\/\" \/>\n<meta property=\"og:site_name\" content=\"PMTraining.Pro\" \/>\n<meta property=\"article:modified_time\" content=\"2025-06-30T12:47:02+00:00\" \/>\n<meta name=\"twitter:card\" content=\"summary_large_image\" \/>\n<script type=\"application\/ld+json\" class=\"yoast-schema-graph\">{\"@context\":\"https:\\\/\\\/schema.org\",\"@graph\":[{\"@type\":\"WebPage\",\"@id\":\"https:\\\/\\\/www.pmtraining.pro\\\/es\\\/acerca-del-examen\\\/\",\"url\":\"https:\\\/\\\/www.pmtraining.pro\\\/es\\\/acerca-del-examen\\\/\",\"name\":\"Informaci\u00f3n sobre el examen - PMTraining.Pro\",\"isPartOf\":{\"@id\":\"https:\\\/\\\/www.pmtraining.pro\\\/es\\\/#website\"},\"datePublished\":\"2022-12-01T14:50:23+00:00\",\"dateModified\":\"2025-06-30T12:47:02+00:00\",\"breadcrumb\":{\"@id\":\"https:\\\/\\\/www.pmtraining.pro\\\/es\\\/acerca-del-examen\\\/#breadcrumb\"},\"inLanguage\":\"es\",\"potentialAction\":[{\"@type\":\"ReadAction\",\"target\":[\"https:\\\/\\\/www.pmtraining.pro\\\/es\\\/acerca-del-examen\\\/\"]}]},{\"@type\":\"BreadcrumbList\",\"@id\":\"https:\\\/\\\/www.pmtraining.pro\\\/es\\\/acerca-del-examen\\\/#breadcrumb\",\"itemListElement\":[{\"@type\":\"ListItem\",\"position\":1,\"name\":\"Home\",\"item\":\"https:\\\/\\\/www.pmtraining.pro\\\/es\\\/inicio\\\/\"},{\"@type\":\"ListItem\",\"position\":2,\"name\":\"Informaci\u00f3n sobre el examen\"}]},{\"@type\":\"WebSite\",\"@id\":\"https:\\\/\\\/www.pmtraining.pro\\\/es\\\/#website\",\"url\":\"https:\\\/\\\/www.pmtraining.pro\\\/es\\\/\",\"name\":\"PMTraining.Pro\",\"description\":\"Project Management in the Language Industry\",\"publisher\":{\"@id\":\"https:\\\/\\\/www.pmtraining.pro\\\/es\\\/#organization\"},\"potentialAction\":[{\"@type\":\"SearchAction\",\"target\":{\"@type\":\"EntryPoint\",\"urlTemplate\":\"https:\\\/\\\/www.pmtraining.pro\\\/es\\\/?s={search_term_string}\"},\"query-input\":{\"@type\":\"PropertyValueSpecification\",\"valueRequired\":true,\"valueName\":\"search_term_string\"}}],\"inLanguage\":\"es\"},{\"@type\":\"Organization\",\"@id\":\"https:\\\/\\\/www.pmtraining.pro\\\/es\\\/#organization\",\"name\":\"PMTraining.Pro\",\"url\":\"https:\\\/\\\/www.pmtraining.pro\\\/es\\\/\",\"logo\":{\"@type\":\"ImageObject\",\"inLanguage\":\"es\",\"@id\":\"https:\\\/\\\/www.pmtraining.pro\\\/es\\\/#\\\/schema\\\/logo\\\/image\\\/\",\"url\":\"https:\\\/\\\/www.pmtraining.pro\\\/wp-content\\\/uploads\\\/2021\\\/11\\\/PM-Training-Certification.png\",\"contentUrl\":\"https:\\\/\\\/www.pmtraining.pro\\\/wp-content\\\/uploads\\\/2021\\\/11\\\/PM-Training-Certification.png\",\"width\":1000,\"height\":218,\"caption\":\"PMTraining.Pro\"},\"image\":{\"@id\":\"https:\\\/\\\/www.pmtraining.pro\\\/es\\\/#\\\/schema\\\/logo\\\/image\\\/\"}}]}<\/script>\n<!-- \/ Yoast SEO plugin. -->","yoast_head_json":{"title":"Informaci\u00f3n sobre el examen - PMTraining.Pro","robots":{"index":"index","follow":"follow","max-snippet":"max-snippet:-1","max-image-preview":"max-image-preview:large","max-video-preview":"max-video-preview:-1"},"canonical":"https:\/\/www.pmtraining.pro\/es\/acerca-del-examen\/","og_locale":"es_ES","og_type":"article","og_title":"Informaci\u00f3n sobre el examen - PMTraining.Pro","og_description":"Puede comprar un examen de certificaci\u00f3n por separado para complementar el curso de formaci\u00f3n y mostrar sus habilidades y conocimientos o los de su equipo. El examen consta de 22 preguntas, cada una basada en una lecci\u00f3n del Curso de formaci\u00f3n para PM. Los alumnos disponen de una sola oportunidad y tendr\u00e1n que obtener una [&hellip;]","og_url":"https:\/\/www.pmtraining.pro\/es\/acerca-del-examen\/","og_site_name":"PMTraining.Pro","article_modified_time":"2025-06-30T12:47:02+00:00","twitter_card":"summary_large_image","schema":{"@context":"https:\/\/schema.org","@graph":[{"@type":"WebPage","@id":"https:\/\/www.pmtraining.pro\/es\/acerca-del-examen\/","url":"https:\/\/www.pmtraining.pro\/es\/acerca-del-examen\/","name":"Informaci\u00f3n sobre el examen - PMTraining.Pro","isPartOf":{"@id":"https:\/\/www.pmtraining.pro\/es\/#website"},"datePublished":"2022-12-01T14:50:23+00:00","dateModified":"2025-06-30T12:47:02+00:00","breadcrumb":{"@id":"https:\/\/www.pmtraining.pro\/es\/acerca-del-examen\/#breadcrumb"},"inLanguage":"es","potentialAction":[{"@type":"ReadAction","target":["https:\/\/www.pmtraining.pro\/es\/acerca-del-examen\/"]}]},{"@type":"BreadcrumbList","@id":"https:\/\/www.pmtraining.pro\/es\/acerca-del-examen\/#breadcrumb","itemListElement":[{"@type":"ListItem","position":1,"name":"Home","item":"https:\/\/www.pmtraining.pro\/es\/inicio\/"},{"@type":"ListItem","position":2,"name":"Informaci\u00f3n sobre el examen"}]},{"@type":"WebSite","@id":"https:\/\/www.pmtraining.pro\/es\/#website","url":"https:\/\/www.pmtraining.pro\/es\/","name":"PMTraining.Pro","description":"Project Management in the Language Industry","publisher":{"@id":"https:\/\/www.pmtraining.pro\/es\/#organization"},"potentialAction":[{"@type":"SearchAction","target":{"@type":"EntryPoint","urlTemplate":"https:\/\/www.pmtraining.pro\/es\/?s={search_term_string}"},"query-input":{"@type":"PropertyValueSpecification","valueRequired":true,"valueName":"search_term_string"}}],"inLanguage":"es"},{"@type":"Organization","@id":"https:\/\/www.pmtraining.pro\/es\/#organization","name":"PMTraining.Pro","url":"https:\/\/www.pmtraining.pro\/es\/","logo":{"@type":"ImageObject","inLanguage":"es","@id":"https:\/\/www.pmtraining.pro\/es\/#\/schema\/logo\/image\/","url":"https:\/\/www.pmtraining.pro\/wp-content\/uploads\/2021\/11\/PM-Training-Certification.png","contentUrl":"https:\/\/www.pmtraining.pro\/wp-content\/uploads\/2021\/11\/PM-Training-Certification.png","width":1000,"height":218,"caption":"PMTraining.Pro"},"image":{"@id":"https:\/\/www.pmtraining.pro\/es\/#\/schema\/logo\/image\/"}}]}},"_links":{"self":[{"href":"https:\/\/www.pmtraining.pro\/es\/wp-json\/wp\/v2\/pages\/4035","targetHints":{"allow":["GET"]}}],"collection":[{"href":"https:\/\/www.pmtraining.pro\/es\/wp-json\/wp\/v2\/pages"}],"about":[{"href":"https:\/\/www.pmtraining.pro\/es\/wp-json\/wp\/v2\/types\/page"}],"author":[{"embeddable":true,"href":"https:\/\/www.pmtraining.pro\/es\/wp-json\/wp\/v2\/users\/3"}],"replies":[{"embeddable":true,"href":"https:\/\/www.pmtraining.pro\/es\/wp-json\/wp\/v2\/comments?post=4035"}],"version-history":[{"count":3,"href":"https:\/\/www.pmtraining.pro\/es\/wp-json\/wp\/v2\/pages\/4035\/revisions"}],"predecessor-version":[{"id":4207,"href":"https:\/\/www.pmtraining.pro\/es\/wp-json\/wp\/v2\/pages\/4035\/revisions\/4207"}],"wp:attachment":[{"href":"https:\/\/www.pmtraining.pro\/es\/wp-json\/wp\/v2\/media?parent=4035"}],"curies":[{"name":"wp","href":"https:\/\/api.w.org\/{rel}","templated":true}]}}