{"id":3549,"date":"2022-01-15T22:42:34","date_gmt":"2022-01-15T22:42:34","guid":{"rendered":"https:\/\/www.pmtraining.pro\/comprar-ahora\/"},"modified":"2025-07-02T10:29:31","modified_gmt":"2025-07-02T10:29:31","slug":"comprar-ahora","status":"publish","type":"page","link":"https:\/\/www.pmtraining.pro\/es\/comprar-ahora\/","title":{"rendered":"Comprar ahora"},"content":{"rendered":"<h3>\u00a1Ha hecho una gran elecci\u00f3n!<\/h3>\n<p><strong>Tenga en cuenta:<\/strong> Los precios de los cursos se aplican por alumno. <strong>Descuentos para alumnos de aprendizaje aut\u00f3nomo y miembros de ANETI, ATC y ELIA (aplicable solo al curso)<\/strong>: Para alumnos de aprendizaje aut\u00f3nomo \u2013 Ingrese el c\u00f3digo de descuento SOLOLEARNERTAKE200 para recibir un descuento de 200 \u20ac (EUR). Para miembros de ANETI, ATC y ELIA \u2013 Ingrese el c\u00f3digo de descuento ATCELIATAKE200 para recibir un descuento de 200 \u20ac (EUR). Para miembros de entidades afiliadas (<span style=\"text-decoration: underline;\"><a href=\"https:\/\/atccertification.com\/\">ATC Certification<\/a><\/span>, <a href=\"https:\/\/www.juntoslatam.org\/\"><span style=\"text-decoration: underline;\">JUNTOS<\/span><\/a>) &#8211; Ingrese el c\u00f3digo de descuento PARTNERTAKE100 para recibir un descuento del 10 %. S<strong>i est\u00e1 comprando el curso para otra persona:<\/strong> compre el curso aqu\u00ed, luego env\u00ede los datos del alumno a <a href=\"mailto:support@pmtraining.pro\">support@pmtraining.pro <\/a><strong>Si desea adquirir m\u00e1s de 5 inscripciones:<\/strong> p\u00f3ngase en contacto con <a href=\"mailto:support@pmtraining.pro\">support@pmtraining.pro<\/a> para obtener m\u00e1s informaci\u00f3n sobre nuestro descuento de compra de grupo.    <em><span style=\"font-weight: 400;\">Nota: El Curso de formaci\u00f3n para PM y el Examen de certificaci\u00f3n se venden desde el Reino Unido. El IVA se calcula autom\u00e1ticamente en funci\u00f3n de su direcci\u00f3n de facturaci\u00f3n (Reino Unido, UE o resto del mundo). Ingrese el n\u00famero de IVA v\u00e1lido de la empresa para que el IVA se aplique correctamente. El Curso de formaci\u00f3n para PM y el Examen de certificaci\u00f3n se ofrecen exclusivamente a alumnos en el Reino Unido y la Uni\u00f3n Europea.    <div id=\"edd_checkout_wrap\"><span class=\"edd_empty_cart\">Tu carrito est\u00e1 vac\u00edo.<\/span><\/div><!--end #edd_checkout_wrap--><\/span><\/em><\/p>\n","protected":false},"excerpt":{"rendered":"<p>\u00a1Ha hecho una gran elecci\u00f3n! Tenga en cuenta: Los precios de los cursos se aplican por alumno. Descuentos para alumnos de aprendizaje aut\u00f3nomo y miembros de ANETI, ATC y ELIA (aplicable solo al curso): Para alumnos de aprendizaje aut\u00f3nomo \u2013 Ingrese el c\u00f3digo de descuento SOLOLEARNERTAKE200 para recibir un descuento de 200 \u20ac (EUR). Para [&hellip;]<\/p>\n","protected":false},"author":1,"featured_media":0,"parent":0,"menu_order":0,"comment_status":"closed","ping_status":"closed","template":"","meta":{"footnotes":""},"class_list":["post-3549","page","type-page","status-publish","hentry","user-has-not-earned"],"blocksy_meta":{"styles_descriptor":{"styles":{"desktop":"","tablet":"","mobile":""},"google_fonts":[],"version":6},"page_structure_type":"type-3"},"featured_image_urls_v2":{"full":"","thumbnail":"","medium":"","medium_large":"","large":"","1536x1536":"","2048x2048":"","depicter-thumbnail":"","boswp-badgeos-achievement":""},"post_excerpt_stackable_v2":"<p>\u00a1Ha hecho una gran elecci\u00f3n! Tenga en cuenta: Los precios de los cursos se aplican por alumno. Descuentos para alumnos de aprendizaje aut\u00f3nomo y miembros de ANETI, ATC y ELIA (aplicable solo al curso): Para alumnos de aprendizaje aut\u00f3nomo \u2013 Ingrese el c\u00f3digo de descuento SOLOLEARNERTAKE200 para recibir un descuento de 200 \u20ac (EUR). Para miembros de ANETI, ATC y ELIA \u2013 Ingrese el c\u00f3digo de descuento ATCELIATAKE200 para recibir un descuento de 200 \u20ac (EUR). Para miembros de entidades afiliadas (ATC Certification, JUNTOS) &#8211; Ingrese el c\u00f3digo de descuento PARTNERTAKE100 para recibir un descuento del 10 %. Si est\u00e1&hellip;<\/p>\n","category_list_v2":"","author_info_v2":{"name":"admin","url":"https:\/\/www.pmtraining.pro\/es\/author\/robertclements_3mehczwv\/"},"comments_num_v2":"0 comentarios","yoast_head":"<!-- This site is optimized with the Yoast SEO plugin v27.5 - https:\/\/yoast.com\/product\/yoast-seo-wordpress\/ -->\n<title>Comprar ahora - PMTraining.Pro<\/title>\n<meta name=\"robots\" content=\"index, follow, max-snippet:-1, max-image-preview:large, max-video-preview:-1\" \/>\n<link rel=\"canonical\" href=\"https:\/\/www.pmtraining.pro\/es\/comprar-ahora\/\" \/>\n<meta property=\"og:locale\" content=\"es_ES\" \/>\n<meta property=\"og:type\" content=\"article\" \/>\n<meta property=\"og:title\" content=\"Comprar ahora - PMTraining.Pro\" \/>\n<meta property=\"og:description\" content=\"\u00a1Ha hecho una gran elecci\u00f3n! Tenga en cuenta: Los precios de los cursos se aplican por alumno. Descuentos para alumnos de aprendizaje aut\u00f3nomo y miembros de ANETI, ATC y ELIA (aplicable solo al curso): Para alumnos de aprendizaje aut\u00f3nomo \u2013 Ingrese el c\u00f3digo de descuento SOLOLEARNERTAKE200 para recibir un descuento de 200 \u20ac (EUR). Para [&hellip;]\" \/>\n<meta property=\"og:url\" content=\"https:\/\/www.pmtraining.pro\/es\/comprar-ahora\/\" \/>\n<meta property=\"og:site_name\" content=\"PMTraining.Pro\" \/>\n<meta property=\"article:modified_time\" content=\"2025-07-02T10:29:31+00:00\" \/>\n<meta name=\"twitter:card\" content=\"summary_large_image\" \/>\n<meta name=\"twitter:label1\" content=\"Tiempo de lectura\" \/>\n\t<meta name=\"twitter:data1\" content=\"1 minuto\" \/>\n<script type=\"application\/ld+json\" class=\"yoast-schema-graph\">{\"@context\":\"https:\\\/\\\/schema.org\",\"@graph\":[{\"@type\":\"WebPage\",\"@id\":\"https:\\\/\\\/www.pmtraining.pro\\\/es\\\/comprar-ahora\\\/\",\"url\":\"https:\\\/\\\/www.pmtraining.pro\\\/es\\\/comprar-ahora\\\/\",\"name\":\"Comprar ahora - PMTraining.Pro\",\"isPartOf\":{\"@id\":\"https:\\\/\\\/www.pmtraining.pro\\\/es\\\/#website\"},\"datePublished\":\"2022-01-15T22:42:34+00:00\",\"dateModified\":\"2025-07-02T10:29:31+00:00\",\"breadcrumb\":{\"@id\":\"https:\\\/\\\/www.pmtraining.pro\\\/es\\\/comprar-ahora\\\/#breadcrumb\"},\"inLanguage\":\"es\",\"potentialAction\":[{\"@type\":\"ReadAction\",\"target\":[\"https:\\\/\\\/www.pmtraining.pro\\\/es\\\/comprar-ahora\\\/\"]}]},{\"@type\":\"BreadcrumbList\",\"@id\":\"https:\\\/\\\/www.pmtraining.pro\\\/es\\\/comprar-ahora\\\/#breadcrumb\",\"itemListElement\":[{\"@type\":\"ListItem\",\"position\":1,\"name\":\"Home\",\"item\":\"https:\\\/\\\/www.pmtraining.pro\\\/es\\\/inicio\\\/\"},{\"@type\":\"ListItem\",\"position\":2,\"name\":\"Comprar ahora\"}]},{\"@type\":\"WebSite\",\"@id\":\"https:\\\/\\\/www.pmtraining.pro\\\/es\\\/#website\",\"url\":\"https:\\\/\\\/www.pmtraining.pro\\\/es\\\/\",\"name\":\"PMTraining.Pro\",\"description\":\"Project Management in the Language Industry\",\"publisher\":{\"@id\":\"https:\\\/\\\/www.pmtraining.pro\\\/es\\\/#organization\"},\"potentialAction\":[{\"@type\":\"SearchAction\",\"target\":{\"@type\":\"EntryPoint\",\"urlTemplate\":\"https:\\\/\\\/www.pmtraining.pro\\\/es\\\/?s={search_term_string}\"},\"query-input\":{\"@type\":\"PropertyValueSpecification\",\"valueRequired\":true,\"valueName\":\"search_term_string\"}}],\"inLanguage\":\"es\"},{\"@type\":\"Organization\",\"@id\":\"https:\\\/\\\/www.pmtraining.pro\\\/es\\\/#organization\",\"name\":\"PMTraining.Pro\",\"url\":\"https:\\\/\\\/www.pmtraining.pro\\\/es\\\/\",\"logo\":{\"@type\":\"ImageObject\",\"inLanguage\":\"es\",\"@id\":\"https:\\\/\\\/www.pmtraining.pro\\\/es\\\/#\\\/schema\\\/logo\\\/image\\\/\",\"url\":\"https:\\\/\\\/www.pmtraining.pro\\\/wp-content\\\/uploads\\\/2021\\\/11\\\/PM-Training-Certification.png\",\"contentUrl\":\"https:\\\/\\\/www.pmtraining.pro\\\/wp-content\\\/uploads\\\/2021\\\/11\\\/PM-Training-Certification.png\",\"width\":1000,\"height\":218,\"caption\":\"PMTraining.Pro\"},\"image\":{\"@id\":\"https:\\\/\\\/www.pmtraining.pro\\\/es\\\/#\\\/schema\\\/logo\\\/image\\\/\"}}]}<\/script>\n<!-- \/ Yoast SEO plugin. -->","yoast_head_json":{"title":"Comprar ahora - PMTraining.Pro","robots":{"index":"index","follow":"follow","max-snippet":"max-snippet:-1","max-image-preview":"max-image-preview:large","max-video-preview":"max-video-preview:-1"},"canonical":"https:\/\/www.pmtraining.pro\/es\/comprar-ahora\/","og_locale":"es_ES","og_type":"article","og_title":"Comprar ahora - PMTraining.Pro","og_description":"\u00a1Ha hecho una gran elecci\u00f3n! Tenga en cuenta: Los precios de los cursos se aplican por alumno. Descuentos para alumnos de aprendizaje aut\u00f3nomo y miembros de ANETI, ATC y ELIA (aplicable solo al curso): Para alumnos de aprendizaje aut\u00f3nomo \u2013 Ingrese el c\u00f3digo de descuento SOLOLEARNERTAKE200 para recibir un descuento de 200 \u20ac (EUR). Para [&hellip;]","og_url":"https:\/\/www.pmtraining.pro\/es\/comprar-ahora\/","og_site_name":"PMTraining.Pro","article_modified_time":"2025-07-02T10:29:31+00:00","twitter_card":"summary_large_image","twitter_misc":{"Tiempo de lectura":"1 minuto"},"schema":{"@context":"https:\/\/schema.org","@graph":[{"@type":"WebPage","@id":"https:\/\/www.pmtraining.pro\/es\/comprar-ahora\/","url":"https:\/\/www.pmtraining.pro\/es\/comprar-ahora\/","name":"Comprar ahora - PMTraining.Pro","isPartOf":{"@id":"https:\/\/www.pmtraining.pro\/es\/#website"},"datePublished":"2022-01-15T22:42:34+00:00","dateModified":"2025-07-02T10:29:31+00:00","breadcrumb":{"@id":"https:\/\/www.pmtraining.pro\/es\/comprar-ahora\/#breadcrumb"},"inLanguage":"es","potentialAction":[{"@type":"ReadAction","target":["https:\/\/www.pmtraining.pro\/es\/comprar-ahora\/"]}]},{"@type":"BreadcrumbList","@id":"https:\/\/www.pmtraining.pro\/es\/comprar-ahora\/#breadcrumb","itemListElement":[{"@type":"ListItem","position":1,"name":"Home","item":"https:\/\/www.pmtraining.pro\/es\/inicio\/"},{"@type":"ListItem","position":2,"name":"Comprar ahora"}]},{"@type":"WebSite","@id":"https:\/\/www.pmtraining.pro\/es\/#website","url":"https:\/\/www.pmtraining.pro\/es\/","name":"PMTraining.Pro","description":"Project Management in the Language Industry","publisher":{"@id":"https:\/\/www.pmtraining.pro\/es\/#organization"},"potentialAction":[{"@type":"SearchAction","target":{"@type":"EntryPoint","urlTemplate":"https:\/\/www.pmtraining.pro\/es\/?s={search_term_string}"},"query-input":{"@type":"PropertyValueSpecification","valueRequired":true,"valueName":"search_term_string"}}],"inLanguage":"es"},{"@type":"Organization","@id":"https:\/\/www.pmtraining.pro\/es\/#organization","name":"PMTraining.Pro","url":"https:\/\/www.pmtraining.pro\/es\/","logo":{"@type":"ImageObject","inLanguage":"es","@id":"https:\/\/www.pmtraining.pro\/es\/#\/schema\/logo\/image\/","url":"https:\/\/www.pmtraining.pro\/wp-content\/uploads\/2021\/11\/PM-Training-Certification.png","contentUrl":"https:\/\/www.pmtraining.pro\/wp-content\/uploads\/2021\/11\/PM-Training-Certification.png","width":1000,"height":218,"caption":"PMTraining.Pro"},"image":{"@id":"https:\/\/www.pmtraining.pro\/es\/#\/schema\/logo\/image\/"}}]}},"_links":{"self":[{"href":"https:\/\/www.pmtraining.pro\/es\/wp-json\/wp\/v2\/pages\/3549","targetHints":{"allow":["GET"]}}],"collection":[{"href":"https:\/\/www.pmtraining.pro\/es\/wp-json\/wp\/v2\/pages"}],"about":[{"href":"https:\/\/www.pmtraining.pro\/es\/wp-json\/wp\/v2\/types\/page"}],"author":[{"embeddable":true,"href":"https:\/\/www.pmtraining.pro\/es\/wp-json\/wp\/v2\/users\/1"}],"replies":[{"embeddable":true,"href":"https:\/\/www.pmtraining.pro\/es\/wp-json\/wp\/v2\/comments?post=3549"}],"version-history":[{"count":2,"href":"https:\/\/www.pmtraining.pro\/es\/wp-json\/wp\/v2\/pages\/3549\/revisions"}],"predecessor-version":[{"id":4216,"href":"https:\/\/www.pmtraining.pro\/es\/wp-json\/wp\/v2\/pages\/3549\/revisions\/4216"}],"wp:attachment":[{"href":"https:\/\/www.pmtraining.pro\/es\/wp-json\/wp\/v2\/media?parent=3549"}],"curies":[{"name":"wp","href":"https:\/\/api.w.org\/{rel}","templated":true}]}}